{"id":590,"date":"2022-02-03T09:24:57","date_gmt":"2022-02-03T09:24:57","guid":{"rendered":"https:\/\/perladmc.com\/index.php\/books\/"},"modified":"2023-08-23T15:25:51","modified_gmt":"2023-08-23T15:25:51","slug":"biz-who-we-are","status":"publish","type":"page","link":"https:\/\/perladmc.com\/tr\/biz-who-we-are\/","title":{"rendered":"Biz"},"content":{"rendered":"<div data-elementor-type=\"wp-page\" data-elementor-id=\"590\" class=\"elementor elementor-590\">\n\t\t\t\t\t\t<section class=\"elementor-section elementor-top-section elementor-element elementor-element-4772fab elementor-section-full_width elementor-section-height-default elementor-section-height-default\" data-id=\"4772fab\" data-element_type=\"section\" data-settings=\"{&quot;background_background&quot;:&quot;gradient&quot;}\">\n\t\t\t\t\t\t\t<div class=\"elementor-background-overlay\"><\/div>\n\t\t\t\t\t\t\t<div class=\"elementor-container elementor-column-gap-no\">\n\t\t\t\t\t<div class=\"elementor-column elementor-col-100 elementor-top-column elementor-element elementor-element-6fb0b07f\" data-id=\"6fb0b07f\" data-element_type=\"column\">\n\t\t\t<div class=\"elementor-widget-wrap elementor-element-populated\">\n\t\t\t\t\t\t<div class=\"elementor-element elementor-element-7f64d1b4 elementor-widget elementor-widget-text-editor\" data-id=\"7f64d1b4\" data-element_type=\"widget\" data-widget_type=\"text-editor.default\">\n\t\t\t\t<div class=\"elementor-widget-container\">\n\t\t\t\t\t\t\t<h3 style=\"text-align: center;\"><span style=\"color: #004d80;\">Biz<\/span><\/h3>\t\t\t\t\t\t<\/div>\n\t\t\t\t<\/div>\n\t\t\t\t<section class=\"elementor-section elementor-inner-section elementor-element elementor-element-68c71991 elementor-section-full_width elementor-section-height-default elementor-section-height-default\" data-id=\"68c71991\" data-element_type=\"section\">\n\t\t\t\t\t\t<div class=\"elementor-container elementor-column-gap-default\">\n\t\t\t\t\t<div class=\"elementor-column elementor-col-100 elementor-inner-column elementor-element elementor-element-69bc2ff\" data-id=\"69bc2ff\" data-element_type=\"column\">\n\t\t\t<div class=\"elementor-widget-wrap elementor-element-populated\">\n\t\t\t\t\t\t<div class=\"elementor-element elementor-element-94bd547 elementor-widget elementor-widget-text-editor\" data-id=\"94bd547\" data-element_type=\"widget\" data-widget_type=\"text-editor.default\">\n\t\t\t\t<div class=\"elementor-widget-container\">\n\t\t\t\t\t\t\t<p><span style=\"color: #004d80;\">D\u00fcnyan\u0131n d\u00f6rt bir taraf\u0131nda \u00e7eyrek as\u0131rl\u0131k tecr\u00fcbemizle siz de\u011ferli seyahat acentesi ve tur operat\u00f6rlerimize ve dolayl\u0131 olarak misafirlerinize her t\u00fcrl\u00fc detay ve \u00f6zeni d\u00fc\u015f\u00fcnerek, b\u00f6lge \u015fartlar\u0131na g\u00f6re var olan en y\u00fcksek kalitede servisi vermeyi ama\u00e7 edinmi\u015f bir firmay\u0131z.<\/span><\/p>\n<p><span style=\"color: #004d80;\">Misafirlerinize ve gruplar\u0131n\u0131za \u00f6zel organize edilmi\u015f seyahat programlar\u0131 haz\u0131rl\u0131yoruz.&nbsp;<\/span><\/p>\n<p><span style=\"color: #004d80;\">Rotan\u0131z ve program\u0131n\u0131za g\u00f6re konaklama yerlerini se\u00e7iyoruz.&nbsp;<\/span><\/p>\n<p><span style=\"color: #004d80;\">Ula\u015f\u0131mlar\u0131n\u0131z\u0131 en konforlu \u015fekilde sa\u011flaman\u0131z i\u00e7in, kara, hava, deniz olmak \u00fczere her ihtimali g\u00f6z\u00f6n\u00fcnde bulundurup se\u00e7iminize sunuyoruz.&nbsp;<\/span><\/p>\n<p><span style=\"color: #004d80;\">B\u00f6lgeyi tam anlam\u0131yla ya\u015fayabilece\u011finiz restaurantlarda en \u00f6zel tadlar\u0131 tecr\u00fcbe etmenizi sa\u011fl\u0131yoruz.<\/span><\/p>\n<p><span style=\"color: #004d80;\">Gezdi\u011finiz b\u00f6lgelerin diline hakim profesyonel rehber kadromuzla sizi d\u00fcnyan\u0131n d\u00f6rt bir yan\u0131nda evinizdeki konforla gezdiriyoruz.&nbsp;<\/span><\/p>\n<p><span style=\"color: #004d80;\">K\u0131sacas\u0131 siz sadece d\u00fc\u015f\u00fcn\u00fcyorsunuz, biz b\u00fct\u00fcn uygulamay\u0131 ger\u00e7ekle\u015ftiriyoruz.&nbsp;<\/span><\/p>\n<p><span style=\"color: #004d80;\">Galileo Galilei\u2019nin de dedi\u011fi gibi; Yine de d\u00f6n\u00fcyor\u2026Eppur si muove\u2026<\/span><\/p>\t\t\t\t\t\t<\/div>\n\t\t\t\t<\/div>\n\t\t\t\t\t<\/div>\n\t\t<\/div>\n\t\t\t\t\t<\/div>\n\t\t<\/section>\n\t\t\t\t\t<\/div>\n\t\t<\/div>\n\t\t\t\t\t<\/div>\n\t\t<\/section>\n\t\t\t\t<section class=\"elementor-section elementor-top-section elementor-element elementor-element-798ddab5 elementor-section-full_width elementor-hidden-mobile elementor-section-height-default elementor-section-height-default\" data-id=\"798ddab5\" data-element_type=\"section\" data-settings=\"{&quot;background_background&quot;:&quot;classic&quot;}\">\n\t\t\t\t\t\t\t<div class=\"elementor-background-overlay\"><\/div>\n\t\t\t\t\t\t\t<div class=\"elementor-container elementor-column-gap-no\">\n\t\t\t\t\t<div class=\"elementor-column elementor-col-100 elementor-top-column elementor-element elementor-element-348454ca\" data-id=\"348454ca\" data-element_type=\"column\" data-settings=\"{&quot;background_background&quot;:&quot;classic&quot;}\">\n\t\t\t<div class=\"elementor-widget-wrap elementor-element-populated\">\n\t\t\t\t\t\t<div class=\"elementor-element elementor-element-1c00f451 elementor-widget-divider--view-line elementor-widget elementor-widget-divider\" data-id=\"1c00f451\" data-element_type=\"widget\" data-widget_type=\"divider.default\">\n\t\t\t\t<div class=\"elementor-widget-container\">\n\t\t\t\t\t<div class=\"elementor-divider\">\n\t\t\t<span class=\"elementor-divider-separator\">\n\t\t\t\t\t\t<\/span>\n\t\t<\/div>\n\t\t\t\t<\/div>\n\t\t\t\t<\/div>\n\t\t\t\t\t<\/div>\n\t\t<\/div>\n\t\t\t\t\t<\/div>\n\t\t<\/section>\n\t\t\t\t<\/div>","protected":false},"excerpt":{"rendered":"<p>Who We Are Since 1998 our experience all over the world, we are a company that aims to provide you, our esteemed travel agencies and tour operators, and indirectly your guests, with the highest quality service available according to regional conditions, by considering all kinds of details and care. We prepare specially organized travel programs [&hellip;]<\/p>","protected":false},"author":1,"featured_media":0,"parent":0,"menu_order":0,"comment_status":"closed","ping_status":"closed","template":"","meta":{"rank_math_lock_modified_date":false,"site-sidebar-layout":"no-sidebar","site-content-layout":"page-builder","ast-site-content-layout":"full-width-container","site-content-style":"unboxed","site-sidebar-style":"unboxed","ast-global-header-display":"","ast-banner-title-visibility":"","ast-main-header-display":"","ast-hfb-above-header-display":"","ast-hfb-below-header-display":"","ast-hfb-mobile-header-display":"","site-post-title":"disabled","ast-breadcrumbs-content":"disabled","ast-featured-img":"disabled","footer-sml-layout":"","theme-transparent-header-meta":"disabled","adv-header-id-meta":"","stick-header-meta":"","header-above-stick-meta":"","header-main-stick-meta":"","header-below-stick-meta":"","astra-migrate-meta-layouts":"set","ast-page-background-enabled":"default","ast-page-background-meta":{"desktop":{"background-color":"var(--ast-global-color-4)","background-image":"","background-repeat":"repeat","background-position":"center center","background-size":"auto","background-attachment":"scroll","background-type":"","background-media":"","overlay-type":"","overlay-color":"","overlay-opacity":"","overlay-gradient":""},"tablet":{"background-color":"","background-image":"","background-repeat":"repeat","background-position":"center center","background-size":"auto","background-attachment":"scroll","background-type":"","background-media":"","overlay-type":"","overlay-color":"","overlay-opacity":"","overlay-gradient":""},"mobile":{"background-color":"","background-image":"","background-repeat":"repeat","background-position":"center center","background-size":"auto","background-attachment":"scroll","background-type":"","background-media":"","overlay-type":"","overlay-color":"","overlay-opacity":"","overlay-gradient":""}},"ast-content-background-meta":{"desktop":{"background-color":"var(--ast-global-color-5)","background-image":"","background-repeat":"repeat","background-position":"center center","background-size":"auto","background-attachment":"scroll","background-type":"","background-media":"","overlay-type":"","overlay-color":"","overlay-opacity":"","overlay-gradient":""},"tablet":{"background-color":"var(--ast-global-color-5)","background-image":"","background-repeat":"repeat","background-position":"center center","background-size":"auto","background-attachment":"scroll","background-type":"","background-media":"","overlay-type":"","overlay-color":"","overlay-opacity":"","overlay-gradient":""},"mobile":{"background-color":"var(--ast-global-color-5)","background-image":"","background-repeat":"repeat","background-position":"center center","background-size":"auto","background-attachment":"scroll","background-type":"","background-media":"","overlay-type":"","overlay-color":"","overlay-opacity":"","overlay-gradient":""}},"footnotes":""},"class_list":["post-590","page","type-page","status-publish","hentry"],"_links":{"self":[{"href":"https:\/\/perladmc.com\/tr\/wp-json\/wp\/v2\/pages\/590","targetHints":{"allow":["GET"]}}],"collection":[{"href":"https:\/\/perladmc.com\/tr\/wp-json\/wp\/v2\/pages"}],"about":[{"href":"https:\/\/perladmc.com\/tr\/wp-json\/wp\/v2\/types\/page"}],"author":[{"embeddable":true,"href":"https:\/\/perladmc.com\/tr\/wp-json\/wp\/v2\/users\/1"}],"replies":[{"embeddable":true,"href":"https:\/\/perladmc.com\/tr\/wp-json\/wp\/v2\/comments?post=590"}],"version-history":[{"count":41,"href":"https:\/\/perladmc.com\/tr\/wp-json\/wp\/v2\/pages\/590\/revisions"}],"predecessor-version":[{"id":883,"href":"https:\/\/perladmc.com\/tr\/wp-json\/wp\/v2\/pages\/590\/revisions\/883"}],"wp:attachment":[{"href":"https:\/\/perladmc.com\/tr\/wp-json\/wp\/v2\/media?parent=590"}],"curies":[{"name":"wp","href":"https:\/\/api.w.org\/{rel}","templated":true}]}}